{"id":880,"date":"2023-06-28T14:48:59","date_gmt":"2023-06-28T19:48:59","guid":{"rendered":"https:\/\/porcomputador.net\/?page_id=880"},"modified":"2023-10-26T17:54:54","modified_gmt":"2023-10-26T22:54:54","slug":"alojamiento","status":"publish","type":"page","link":"https:\/\/porcomputador.net\/index.php\/servicios\/alojamiento\/","title":{"rendered":"Alojamiento"},"content":{"rendered":"\t\t<div data-elementor-type=\"wp-page\" data-elementor-id=\"880\" class=\"elementor elementor-880\" data-elementor-settings=\"{&quot;ha_cmc_init_switcher&quot;:&quot;no&quot;}\">\n\t\t\t\t<div class=\"elementor-element elementor-element-04e46e8 e-flex e-con-boxed wpr-particle-no wpr-jarallax-no wpr-parallax-no wpr-sticky-section-no wpr-equal-height-no e-con e-parent\" data-id=\"04e46e8\" data-element_type=\"container\" data-e-type=\"container\" data-settings=\"{&quot;background_background&quot;:&quot;classic&quot;,&quot;shape_divider_bottom&quot;:&quot;abstract-web&quot;,&quot;_ha_eqh_enable&quot;:false}\">\n\t\t\t\t\t<div class=\"e-con-inner\">\n\t\t\t\t<div class=\"elementor-shape elementor-shape-bottom\" aria-hidden=\"true\" data-negative=\"false\">\n\t\t\t<svg xmlns=\"http:\/\/www.w3.org\/2000\/svg\" viewBox=\"0 0 4185 400\" preserveAspectRatio=\"none\">\n<path class=\"elementor-shape-fill ha-shape-divider\" opacity=\"0.2\" d=\"M435.6,210.9c71.5,82.4,274,177.3,402,23.3c90.1-108.4,182,36,330-10c262.3-81.5,270,96,394,98\n\tc80,1.3,124.4-55.2,141.9-91.1c14.8-30.3,45.9-74.2,92.3-74.2c75,0,107.3,53.8,178.8,69.8c71.5,16,168.3-22.1,241.3,2.2\n\tc73,24.3,113.2,59,140.8,102.1s59.6,55.2,101.3,46.4c41.7-8.8,66.3-52.4,71.5-73.4c3.9-15.8,10.7-52.7,34.8-69\n\tc85.8-57.9,155.3-8.7,359.3,75.3c204,84,190,0,278-88c57.3-57.3,147-111.7,221.9-51.9c33.8,27,46.8,69.5,80.6,97.7\n\tc32.9,27.5,74.7,44.7,117.7,46.4c14.6,0.6,29.6-0.6,42.9-6.6c26.8-12.1,30.7-34.9,24-61c-3.5-13.6-7.6-28-3.6-41.5\n\tc16.3-54.4,116.7,8.5,141.5,23.5c47,28.4,99.3,68.2,156.9,67.4c62-0.9,115.2-95.8,180.7-114.3c12.1-3.4,20.6-14.3,20.6-26.9V0\n\tL1270.5,0L0,0l0,132.1c0,14.1,7.6,27.2,20.1,33.8C134.4,226.5,285.9,38.3,435.6,210.9z M3011.4,197.5c38.4-15.6,72-43.5,113.2-51.7\n\tc6.1-1.2,13.3-1.7,17.6,2.8c2.7,2.7,3.3,6.6,2.6,10.3c-0.6,3.4-2.4,6.8-4.8,9.3c-5,5.2-12,8-18.1,11.9\n\tc-16.5,10.7-25.4,29.5-35.6,46.3c-16.6,27.2-48,49.3-78.9,27.9C2970.8,229,2977.5,211.3,3011.4,197.5z M2363.7,198.7\n\tc1.3-14.8,16.5-25,31.2-27c20.4-2.8,41.2,5.8,56.4,19.7s25.3,32.5,32.6,51.7c3.8,10.2,7,21.1,5.2,31.8c-0.2,1.4-0.5,2.7-0.9,3.9\n\tc-7.4,26.6-40.5,19.8-58.7,7.6c-21.4-14.4-36.7-36.4-52.3-56.5C2370.2,220.6,2362.7,210.3,2363.7,198.7z M478.2,117.2\n\tc50.9-7.6,113.9,49.4,130.3,65.2c3.9,3.8,6.8,8.6,7.9,14c7.7,35.5-65.2,41.3-110.4-10C481,158,419.3,126,478.2,117.2z\"\/>\n<path class=\"elementor-shape-fill ha-shape-divider\" d=\"M2763.7,63c24.5,0.3,76.6,20.9,80.7,45.1c4.3,25.2-28.4,39-48.3,41.5c-31.3,4-75.5-9.8-87.7-42\n\tC2694.3,70.4,2736.1,62.7,2763.7,63z M1470.9,89.4c13.5-2.4,27.2,7.8,36.8,16c0,0,30,33,54.6,6.1c19.3-21.1,44.6-16.1,51.2,3\n\tc5.3,15.3-7.9,24.5-19.7,30.2c-5.5,2.7-11.1,5.4-16.6,8c-11.5,5.4-23.1,10.4-35.3,14.2c-13.9,4.4-28.5,7.3-43.1,7.5\n\tc-8.9,0.1-18.4-1.7-26.3-6.3c-9.6-5.6-15.7-14.6-18.6-25C1449.1,126.9,1448.4,93.5,1470.9,89.4z M0,32.3c0,4.8,0.9,9.6,2.7,14.1\n\tc50.1,127.6,97.6,18.3,207,43.8c120,28,195.5-171,471.5,67c79.3,68.4,96.5-51.8,158.5-81c116.1-54.8,138,72,248,113.8\n\tc115.5,43.9,234-84.5,308.3-35.1c13.4,8.9,21.5,22.8,34.9,32c16.7,11.5,35.8,19.5,56,22.3c55.7,7.8,114.5-11.7,209-65.4\n\tc94.5-53.7,163.8-31.9,198.5-12.4c34.7,19.5,87.2,46.7,144.9,46.7c57.8,0,69.3-56,69.3-56s10.5-83.2,62-91.8\n\tc51.5-8.6,92.4,33.4,125,64.6c39.8,38,89.8,15.9,136.5,11.9c58.7-5,116.2,19.1,167.9,44.1c63.5,30.7,129.7,65.9,200,60.1\n\tc65.2-5.4,121.6-45.1,175.8-81.7c58.8-39.7,120.2-73,193.2-70c165,6.9,285,83.1,387,93c102,9.9,129-193,204-93\n\tc73.9,98.4,139.1,210.5,412.2,36.2c8-5.1,12.8-14,12.8-23.5V0L0,0L0,32.3z\"\/>\n<\/svg>\n\t\t<\/div>\n\t\t<div class=\"elementor-element elementor-element-275dd88 e-con-full e-flex wpr-particle-no wpr-jarallax-no wpr-parallax-no wpr-sticky-section-no wpr-equal-height-no e-con e-child\" data-id=\"275dd88\" data-element_type=\"container\" data-e-type=\"container\" data-settings=\"{&quot;_ha_eqh_enable&quot;:false}\">\n\t\t\t\t<div class=\"elementor-element elementor-element-e225912 elementor-widget elementor-widget-heading\" data-id=\"e225912\" data-element_type=\"widget\" data-e-type=\"widget\" data-widget_type=\"heading.default\">\n\t\t\t\t<div class=\"elementor-widget-container\">\n\t\t\t\t\t<h2 class=\"elementor-heading-title elementor-size-default\">Moodle<\/h2>\t\t\t\t<\/div>\n\t\t\t\t<\/div>\n\t\t\t\t<div class=\"elementor-element elementor-element-1d753ad elementor-widget-divider--view-line elementor-widget elementor-widget-divider\" data-id=\"1d753ad\" data-element_type=\"widget\" data-e-type=\"widget\" data-widget_type=\"divider.default\">\n\t\t\t\t<div class=\"elementor-widget-container\">\n\t\t\t\t\t\t\t<div class=\"elementor-divider\">\n\t\t\t<span class=\"elementor-divider-separator\">\n\t\t\t\t\t\t<\/span>\n\t\t<\/div>\n\t\t\t\t\t\t<\/div>\n\t\t\t\t<\/div>\n\t\t\t\t<div class=\"elementor-element elementor-element-9a7be8c elementor-widget elementor-widget-text-editor\" data-id=\"9a7be8c\" data-element_type=\"widget\" data-e-type=\"widget\" data-widget_type=\"text-editor.default\">\n\t\t\t\t<div class=\"elementor-widget-container\">\n\t\t\t\t\t\t\t\t\t<p>Sirve para crear espacios de ense\u00f1anza online, administra, distribuye y controla todas las actividades de formaci\u00f3n no presencial de una entidad educativa u organizaci\u00f3n.<\/p>\t\t\t\t\t\t\t\t<\/div>\n\t\t\t\t<\/div>\n\t\t<div class=\"elementor-element elementor-element-afd56a5 e-flex e-con-boxed wpr-particle-no wpr-jarallax-no wpr-parallax-no wpr-sticky-section-no wpr-equal-height-no e-con e-child\" data-id=\"afd56a5\" data-element_type=\"container\" data-e-type=\"container\" data-settings=\"{&quot;_ha_eqh_enable&quot;:false}\">\n\t\t\t\t\t<div class=\"e-con-inner\">\n\t\t\t\t<div class=\"elementor-element elementor-element-f3726b8 elementor-align-center elementor-widget elementor-widget-button\" data-id=\"f3726b8\" data-element_type=\"widget\" data-e-type=\"widget\" data-widget_type=\"button.default\">\n\t\t\t\t<div class=\"elementor-widget-container\">\n\t\t\t\t\t\t\t\t\t<div class=\"elementor-button-wrapper\">\n\t\t\t\t\t<a class=\"elementor-button elementor-button-link elementor-size-sm\" href=\"#\">\n\t\t\t\t\t\t<span class=\"elementor-button-content-wrapper\">\n\t\t\t\t\t\t\t\t\t<span class=\"elementor-button-text\">Corporativo<\/span>\n\t\t\t\t\t<\/span>\n\t\t\t\t\t<\/a>\n\t\t\t\t<\/div>\n\t\t\t\t\t\t\t\t<\/div>\n\t\t\t\t<\/div>\n\t\t\t\t<div class=\"elementor-element elementor-element-847c7c0 elementor-align-center elementor-widget elementor-widget-button\" data-id=\"847c7c0\" data-element_type=\"widget\" data-e-type=\"widget\" data-widget_type=\"button.default\">\n\t\t\t\t<div class=\"elementor-widget-container\">\n\t\t\t\t\t\t\t\t\t<div class=\"elementor-button-wrapper\">\n\t\t\t\t\t<a class=\"elementor-button elementor-button-link elementor-size-sm\" href=\"#\">\n\t\t\t\t\t\t<span class=\"elementor-button-content-wrapper\">\n\t\t\t\t\t\t\t\t\t<span class=\"elementor-button-text\">Educativo<\/span>\n\t\t\t\t\t<\/span>\n\t\t\t\t\t<\/a>\n\t\t\t\t<\/div>\n\t\t\t\t\t\t\t\t<\/div>\n\t\t\t\t<\/div>\n\t\t\t\t<div class=\"elementor-element elementor-element-cb1c746 elementor-align-center elementor-widget elementor-widget-button\" data-id=\"cb1c746\" data-element_type=\"widget\" data-e-type=\"widget\" data-widget_type=\"button.default\">\n\t\t\t\t<div class=\"elementor-widget-container\">\n\t\t\t\t\t\t\t\t\t<div class=\"elementor-button-wrapper\">\n\t\t\t\t\t<a class=\"elementor-button elementor-button-link elementor-size-sm\" href=\"#\">\n\t\t\t\t\t\t<span class=\"elementor-button-content-wrapper\">\n\t\t\t\t\t\t\t\t\t<span class=\"elementor-button-text\">Empresarial<\/span>\n\t\t\t\t\t<\/span>\n\t\t\t\t\t<\/a>\n\t\t\t\t<\/div>\n\t\t\t\t\t\t\t\t<\/div>\n\t\t\t\t<\/div>\n\t\t\t\t\t<\/div>\n\t\t\t\t<\/div>\n\t\t\t\t<\/div>\n\t\t\t\t\t<\/div>\n\t\t\t\t<\/div>\n\t\t<div class=\"elementor-element elementor-element-338ab1d e-flex e-con-boxed wpr-particle-no wpr-jarallax-no wpr-parallax-no wpr-sticky-section-no wpr-equal-height-no e-con e-parent\" data-id=\"338ab1d\" data-element_type=\"container\" data-e-type=\"container\" id=\"xs_pricing_6\" data-settings=\"{&quot;background_background&quot;:&quot;classic&quot;,&quot;_ha_eqh_enable&quot;:false}\">\n\t\t\t\t\t<div class=\"e-con-inner\">\n\t\t<div class=\"elementor-element elementor-element-607fde8 e-con-full e-flex wpr-particle-no wpr-jarallax-no wpr-parallax-no wpr-sticky-section-no wpr-equal-height-no e-con e-child\" data-id=\"607fde8\" data-element_type=\"container\" data-e-type=\"container\" data-settings=\"{&quot;_ha_eqh_enable&quot;:false}\">\n\t\t<div class=\"elementor-element elementor-element-95e20e3 e-con-full e-flex wpr-particle-no wpr-jarallax-no wpr-parallax-no wpr-sticky-section-no wpr-equal-height-no e-con e-child\" data-id=\"95e20e3\" data-element_type=\"container\" data-e-type=\"container\" data-settings=\"{&quot;_ha_eqh_enable&quot;:false}\">\n\t\t<div class=\"elementor-element elementor-element-c0f9809 e-con-full e-flex wpr-particle-no wpr-jarallax-no wpr-parallax-no wpr-sticky-section-no wpr-equal-height-no e-con e-child\" data-id=\"c0f9809\" data-element_type=\"container\" data-e-type=\"container\" data-settings=\"{&quot;_ha_eqh_enable&quot;:false}\">\n\t\t\t\t<div class=\"elementor-element elementor-element-ee21698 elementor-widget elementor-widget-elementskit-heading\" data-id=\"ee21698\" data-element_type=\"widget\" data-e-type=\"widget\" data-widget_type=\"elementskit-heading.default\">\n\t\t\t\t<div class=\"elementor-widget-container\">\n\t\t\t\t\t<div class=\"ekit-wid-con\" ><div class=\"ekit-heading elementskit-section-title-wraper center   ekit_heading_tablet-   ekit_heading_mobile-\"><h2 class=\"ekit-heading--title elementskit-section-title \">servicios de moodle<\/h2><div class=\"ekit_heading_separetor_wraper ekit_heading_elementskit-border-divider ekit-dotted\"><div class=\"elementskit-border-divider ekit-dotted\"><\/div><\/div><\/div><\/div>\t\t\t\t<\/div>\n\t\t\t\t<\/div>\n\t\t\t\t<\/div>\n\t\t\t\t<\/div>\n\t\t<div class=\"elementor-element elementor-element-d847425 e-con-full e-flex wpr-particle-no wpr-jarallax-no wpr-parallax-no wpr-sticky-section-no wpr-equal-height-no e-con e-child\" data-id=\"d847425\" data-element_type=\"container\" data-e-type=\"container\" data-settings=\"{&quot;_ha_eqh_enable&quot;:false}\">\n\t\t<div class=\"elementor-element elementor-element-15db244 e-con-full e-flex wpr-particle-no wpr-jarallax-no wpr-parallax-no wpr-sticky-section-no wpr-equal-height-no e-con e-child\" data-id=\"15db244\" data-element_type=\"container\" data-e-type=\"container\" data-settings=\"{&quot;_ha_eqh_enable&quot;:false}\">\n\t\t\t\t<div class=\"elementor-element elementor-element-60babd3 elementor-widget__width-initial ha-has-bg-overlay elementor-widget elementor-widget-elementskit-pricing\" data-id=\"60babd3\" data-element_type=\"widget\" data-e-type=\"widget\" data-widget_type=\"elementskit-pricing.default\">\n\t\t\t\t<div class=\"elementor-widget-container\">\n\t\t\t\t\t<div class=\"ekit-wid-con\" >\n\n        <div class=\"elementskit-single-pricing \" >\n            <div class=\"elementskit-pricing-header \">\n\t\t\t\t\t\t\t\t\n\t\t\t\t                \t<h3\t\t\t\t\tclass=\" elementskit-pricing-title\">Educativo\t\t\t\t\t<\/h3>\n\t\t\t\t\t\t\t\t            <\/div>\n\t\t\t            <div class=\" elementskit-pricing-price-wraper has-tag \">\n                <div class=\"elementskit-pricing-tag\"><\/div>\n                <span class=\"elementskit-pricing-price\">\n\t\t\t\t\t\t\t\t\t\t\t<sup class=\"currency\">$<\/sup>\n\t\t\t\t\t\t\t\t\t\t<span>149.999<\/span>\n\t\t\t\t\t\n\t\t\t\t\t\t\t\t\t\t<sub class=\"period\">mes<\/sub>\n\t\t\t\t\t\t\t\t\t<\/span>\n            <\/div>\n\t\t\t            <div class=\"elementskit-pricing-content \">\n\n                                                    <ul class=\"elementskit-pricing-lists\">\n                        \t\t\t\t\t\t\t<li class=\"elementor-repeater-item-524a2ba\">\n\t\t\t\t\t\t\t\t\t\t\t\t\t\t\t\t\n\t\t\t\t\t\t\t\tUsuarios Ilimitados\t\t\t\t\t\t\t\t\n\t\t\t\t\t\t\t\t\t\t\t\t\t\t\t<\/li>\n                        \t\t\t\t\t\t\t<li class=\"elementor-repeater-item-61572a8\">\n\t\t\t\t\t\t\t\t\t\t\t\t\t\t\t\t\n\t\t\t\t\t\t\t\tAlumnos Ilimitados\t\t\t\t\t\t\t\t\n\t\t\t\t\t\t\t\t\t\t\t\t\t\t\t<\/li>\n                        \t\t\t\t\t\t\t<li class=\"elementor-repeater-item-14baa04\">\n\t\t\t\t\t\t\t\t\t\t\t\t\t\t\t\t\n\t\t\t\t\t\t\t\tProfesores Ilimitados\t\t\t\t\t\t\t\t\n\t\t\t\t\t\t\t\t\t\t\t\t\t\t\t<\/li>\n                        \t\t\t\t\t\t\t<li class=\"elementor-repeater-item-18e6f56\">\n\t\t\t\t\t\t\t\t\t\t\t\t\t\t\t\t\n\t\t\t\t\t\t\t\tCursos limitados\t\t\t\t\t\t\t\t\n\t\t\t\t\t\t\t\t\t\t\t\t\t\t\t<\/li>\n                        \t\t\t\t\t\t\t<li class=\"elementor-repeater-item-4d6ce20\">\n\t\t\t\t\t\t\t\t\t\t\t\t\t\t\t\t\n\t\t\t\t\t\t\t\tHasta 40 estudiantes \t\t\t\t\t\t\t\t\n\t\t\t\t\t\t\t\t\t\t\t\t\t\t\t<\/li>\n                        \t\t\t\t\t\t\t<li class=\"elementor-repeater-item-72ffae5\">\n\t\t\t\t\t\t\t\t\t\t\t\t\t\t\t\t\n\t\t\t\t\t\t\t\tconcurrentes (Logueados al mismo tiempo)\t\t\t\t\t\t\t\t\n\t\t\t\t\t\t\t\t\t\t\t\t\t\t\t<\/li>\n                        \t\t\t\t\t\t\t<li class=\"elementor-repeater-item-04cbf73\">\n\t\t\t\t\t\t\t\t\t\t\t\t\t\t\t\t\n\t\t\t\t\t\t\t\tActualizaciones de Moodle\t\t\t\t\t\t\t\t\n\t\t\t\t\t\t\t\t\t\t\t\t\t\t\t<\/li>\n                        \t\t\t\t\t\t\t<li class=\"elementor-repeater-item-2eced6a\">\n\t\t\t\t\t\t\t\t\t\t\t\t\t\t\t\t\n\t\t\t\t\t\t\t\tSeguridad de sesi\u00f3n SSL Https)\t\t\t\t\t\t\t\t\n\t\t\t\t\t\t\t\t\t\t\t\t\t\t\t<\/li>\n                                            <\/ul>\n                            <\/div>\n            <div class=\"elementskit-pricing-btn-wraper \">\n\t\t\t\t<a href=\"#\" class=\"elementskit-pricing-btn  ekit-pricing-btn-icon-pos-left\" >\n\t\t\t\t\tComprar Ahora\t\t\t\t<\/a>\n            <\/div>\n        <\/div>\n\n    <\/div>\t\t\t\t<\/div>\n\t\t\t\t<\/div>\n\t\t\t\t<\/div>\n\t\t<div class=\"elementor-element elementor-element-689b39a e-con-full e-flex wpr-particle-no wpr-jarallax-no wpr-parallax-no wpr-sticky-section-no wpr-equal-height-no e-con e-child\" data-id=\"689b39a\" data-element_type=\"container\" data-e-type=\"container\" data-settings=\"{&quot;_ha_eqh_enable&quot;:false}\">\n\t\t\t\t<div class=\"elementor-element elementor-element-68c2e2c ha-has-bg-overlay elementor-widget elementor-widget-elementskit-pricing\" data-id=\"68c2e2c\" data-element_type=\"widget\" data-e-type=\"widget\" data-widget_type=\"elementskit-pricing.default\">\n\t\t\t\t<div class=\"elementor-widget-container\">\n\t\t\t\t\t<div class=\"ekit-wid-con\" >\n\n        <div class=\"elementskit-single-pricing \" >\n            <div class=\"elementskit-pricing-header \">\n\t\t\t\t\t\t\t\t\n\t\t\t\t                \t<h3\t\t\t\t\tclass=\" elementskit-pricing-title\">Corporativo\t\t\t\t\t<\/h3>\n\t\t\t\t\t\t\t\t            <\/div>\n\t\t\t            <div class=\" elementskit-pricing-price-wraper has-tag \">\n                <div class=\"elementskit-pricing-tag\"><\/div>\n                <span class=\"elementskit-pricing-price\">\n\t\t\t\t\t\t\t\t\t\t\t<sup class=\"currency\">$<\/sup>\n\t\t\t\t\t\t\t\t\t\t<span>279.999<\/span>\n\t\t\t\t\t\n\t\t\t\t\t\t\t\t\t\t<sub class=\"period\">mes<\/sub>\n\t\t\t\t\t\t\t\t\t<\/span>\n            <\/div>\n\t\t\t            <div class=\"elementskit-pricing-content \">\n\n                                                    <ul class=\"elementskit-pricing-lists\">\n                        \t\t\t\t\t\t\t<li class=\"elementor-repeater-item-524a2ba\">\n\t\t\t\t\t\t\t\t\t\t\t\t\t\t\t\t\n\t\t\t\t\t\t\t\tUsuarios Ilimitados\t\t\t\t\t\t\t\t\n\t\t\t\t\t\t\t\t\t\t\t\t\t\t\t<\/li>\n                        \t\t\t\t\t\t\t<li class=\"elementor-repeater-item-61572a8\">\n\t\t\t\t\t\t\t\t\t\t\t\t\t\t\t\t\n\t\t\t\t\t\t\t\tAlumnos Ilimitados\t\t\t\t\t\t\t\t\n\t\t\t\t\t\t\t\t\t\t\t\t\t\t\t<\/li>\n                        \t\t\t\t\t\t\t<li class=\"elementor-repeater-item-14baa04\">\n\t\t\t\t\t\t\t\t\t\t\t\t\t\t\t\t\n\t\t\t\t\t\t\t\tProfesores Ilimitados\t\t\t\t\t\t\t\t\n\t\t\t\t\t\t\t\t\t\t\t\t\t\t\t<\/li>\n                        \t\t\t\t\t\t\t<li class=\"elementor-repeater-item-4d6ce20\">\n\t\t\t\t\t\t\t\t\t\t\t\t\t\t\t\t\n\t\t\t\t\t\t\t\tCursos Ilimitados\t\t\t\t\t\t\t\t\n\t\t\t\t\t\t\t\t\t\t\t\t\t\t\t<\/li>\n                        \t\t\t\t\t\t\t<li class=\"elementor-repeater-item-04cbf73\">\n\t\t\t\t\t\t\t\t\t\t\t\t\t\t\t\t\n\t\t\t\t\t\t\t\tHasta 80 estudiantes\t\t\t\t\t\t\t\t\n\t\t\t\t\t\t\t\t\t\t\t\t\t\t\t<\/li>\n                        \t\t\t\t\t\t\t<li class=\"elementor-repeater-item-2eced6a\">\n\t\t\t\t\t\t\t\t\t\t\t\t\t\t\t\t\n\t\t\t\t\t\t\t\tconcurrentes (Logueados al mismo tiempo)\t\t\t\t\t\t\t\t\n\t\t\t\t\t\t\t\t\t\t\t\t\t\t\t<\/li>\n                        \t\t\t\t\t\t\t<li class=\"elementor-repeater-item-a70b4dc\">\n\t\t\t\t\t\t\t\t\t\t\t\t\t\t\t\t\n\t\t\t\t\t\t\t\tActualizaciones de Moodle\t\t\t\t\t\t\t\t\n\t\t\t\t\t\t\t\t\t\t\t\t\t\t\t<\/li>\n                        \t\t\t\t\t\t\t<li class=\"elementor-repeater-item-b53d2b5\">\n\t\t\t\t\t\t\t\t\t\t\t\t\t\t\t\t\n\t\t\t\t\t\t\t\tSeguridad de sesi\u00f3n SSL Https)\t\t\t\t\t\t\t\t\n\t\t\t\t\t\t\t\t\t\t\t\t\t\t\t<\/li>\n                                            <\/ul>\n                            <\/div>\n            <div class=\"elementskit-pricing-btn-wraper \">\n\t\t\t\t<a href=\"#\" class=\"elementskit-pricing-btn  ekit-pricing-btn-icon-pos-left\" >\n\t\t\t\t\tComprar Ahora\t\t\t\t<\/a>\n            <\/div>\n        <\/div>\n\n    <\/div>\t\t\t\t<\/div>\n\t\t\t\t<\/div>\n\t\t\t\t<\/div>\n\t\t<div class=\"elementor-element elementor-element-8d318c9 e-con-full e-flex wpr-particle-no wpr-jarallax-no wpr-parallax-no wpr-sticky-section-no wpr-equal-height-no e-con e-child\" data-id=\"8d318c9\" data-element_type=\"container\" data-e-type=\"container\" data-settings=\"{&quot;_ha_eqh_enable&quot;:false}\">\n\t\t\t\t<div class=\"elementor-element elementor-element-6caca60 ha-has-bg-overlay elementor-widget elementor-widget-elementskit-pricing\" data-id=\"6caca60\" data-element_type=\"widget\" data-e-type=\"widget\" data-widget_type=\"elementskit-pricing.default\">\n\t\t\t\t<div class=\"elementor-widget-container\">\n\t\t\t\t\t<div class=\"ekit-wid-con\" >\n\n        <div class=\"elementskit-single-pricing \" >\n            <div class=\"elementskit-pricing-header \">\n\t\t\t\t\t\t\t\t\n\t\t\t\t                \t<h3\t\t\t\t\tclass=\" elementskit-pricing-title\">Empresarial\t\t\t\t\t<\/h3>\n\t\t\t\t\t\t\t\t            <\/div>\n\t\t\t            <div class=\" elementskit-pricing-price-wraper has-tag \">\n                <div class=\"elementskit-pricing-tag\"><\/div>\n                <span class=\"elementskit-pricing-price\">\n\t\t\t\t\t\t\t\t\t\t\t<sup class=\"currency\">$<\/sup>\n\t\t\t\t\t\t\t\t\t\t<span>499.999<\/span>\n\t\t\t\t\t\n\t\t\t\t\t\t\t\t\t\t<sub class=\"period\">mes<\/sub>\n\t\t\t\t\t\t\t\t\t<\/span>\n            <\/div>\n\t\t\t            <div class=\"elementskit-pricing-content \">\n\n                                                    <ul class=\"elementskit-pricing-lists\">\n                        \t\t\t\t\t\t\t<li class=\"elementor-repeater-item-524a2ba\">\n\t\t\t\t\t\t\t\t\t\t\t\t\t\t\t\t\n\t\t\t\t\t\t\t\tUsuarios Ilimitados\t\t\t\t\t\t\t\t\n\t\t\t\t\t\t\t\t\t\t\t\t\t\t\t<\/li>\n                        \t\t\t\t\t\t\t<li class=\"elementor-repeater-item-61572a8\">\n\t\t\t\t\t\t\t\t\t\t\t\t\t\t\t\t\n\t\t\t\t\t\t\t\tAlumnos Ilimitados\t\t\t\t\t\t\t\t\n\t\t\t\t\t\t\t\t\t\t\t\t\t\t\t<\/li>\n                        \t\t\t\t\t\t\t<li class=\"elementor-repeater-item-14baa04\">\n\t\t\t\t\t\t\t\t\t\t\t\t\t\t\t\t\n\t\t\t\t\t\t\t\tProfesores Ilimitados\u00a0\t\t\t\t\t\t\t\t\n\t\t\t\t\t\t\t\t\t\t\t\t\t\t\t<\/li>\n                        \t\t\t\t\t\t\t<li class=\"elementor-repeater-item-4d6ce20\">\n\t\t\t\t\t\t\t\t\t\t\t\t\t\t\t\t\n\t\t\t\t\t\t\t\tCursos Ilimitados\t\t\t\t\t\t\t\t\n\t\t\t\t\t\t\t\t\t\t\t\t\t\t\t<\/li>\n                        \t\t\t\t\t\t\t<li class=\"elementor-repeater-item-04cbf73\">\n\t\t\t\t\t\t\t\t\t\t\t\t\t\t\t\t\n\t\t\t\t\t\t\t\tHasta 150 estudiantes\t\t\t\t\t\t\t\t\n\t\t\t\t\t\t\t\t\t\t\t\t\t\t\t<\/li>\n                        \t\t\t\t\t\t\t<li class=\"elementor-repeater-item-2eced6a\">\n\t\t\t\t\t\t\t\t\t\t\t\t\t\t\t\t\n\t\t\t\t\t\t\t\tconcurrentes (Logueados al mismo tiempo)\t\t\t\t\t\t\t\t\n\t\t\t\t\t\t\t\t\t\t\t\t\t\t\t<\/li>\n                        \t\t\t\t\t\t\t<li class=\"elementor-repeater-item-b208ce8\">\n\t\t\t\t\t\t\t\t\t\t\t\t\t\t\t\t\n\t\t\t\t\t\t\t\tActualizaciones de Moodle\t\t\t\t\t\t\t\t\n\t\t\t\t\t\t\t\t\t\t\t\t\t\t\t<\/li>\n                        \t\t\t\t\t\t\t<li class=\"elementor-repeater-item-502bc5a\">\n\t\t\t\t\t\t\t\t\t\t\t\t\t\t\t\t\n\t\t\t\t\t\t\t\tSeguridad de sesi\u00f3n SSL Https)\t\t\t\t\t\t\t\t\n\t\t\t\t\t\t\t\t\t\t\t\t\t\t\t<\/li>\n                                            <\/ul>\n                            <\/div>\n            <div class=\"elementskit-pricing-btn-wraper \">\n\t\t\t\t<a href=\"#\" class=\"elementskit-pricing-btn  ekit-pricing-btn-icon-pos-left\" >\n\t\t\t\t\tComprar Ahora\t\t\t\t<\/a>\n            <\/div>\n        <\/div>\n\n    <\/div>\t\t\t\t<\/div>\n\t\t\t\t<\/div>\n\t\t\t\t<\/div>\n\t\t\t\t<\/div>\n\t\t\t\t<\/div>\n\t\t\t\t\t<\/div>\n\t\t\t\t<\/div>\n\t\t\t\t<\/div>\n\t\t","protected":false},"excerpt":{"rendered":"<p>Moodle Sirve para crear espacios de ense\u00f1anza online, administra, distribuye y controla todas las actividades de formaci\u00f3n no presencial de una entidad educativa u organizaci\u00f3n. Corporativo Educativo Empresarial servicios de moodle Educativo $ 149.999 mes Usuarios Ilimitados Alumnos Ilimitados Profesores Ilimitados Cursos limitados Hasta 40 estudiantes concurrentes (Logueados al mismo tiempo) Actualizaciones de Moodle Seguridad de sesi\u00f3n SSL Https) Comprar Ahora Corporativo $ 279.999 mes Usuarios Ilimitados Alumnos Ilimitados Profesores Ilimitados Cursos Ilimitados Hasta 80 estudiantes concurrentes (Logueados al mismo tiempo) Actualizaciones de Moodle Seguridad de sesi\u00f3n SSL Https) Comprar Ahora Empresarial $ 499.999 mes Usuarios Ilimitados Alumnos Ilimitados Profesores Ilimitados\u00a0 Cursos Ilimitados Hasta 150 estudiantes concurrentes (Logueados al mismo tiempo) Actualizaciones de Moodle Seguridad de sesi\u00f3n SSL Https) Comprar Ahora<\/p>\n","protected":false},"author":1,"featured_media":0,"parent":48,"menu_order":0,"comment_status":"closed","ping_status":"closed","template":"","meta":{"site-sidebar-layout":"no-sidebar","site-content-layout":"page-builder","ast-site-content-layout":"","site-content-style":"default","site-sidebar-style":"default","ast-global-header-display":"","ast-banner-title-visibility":"","ast-main-header-display":"","ast-hfb-above-header-display":"","ast-hfb-below-header-display":"","ast-hfb-mobile-header-display":"","site-post-title":"disabled","ast-breadcrumbs-content":"","ast-featured-img":"disabled","footer-sml-layout":"","theme-transparent-header-meta":"","adv-header-id-meta":"","stick-header-meta":"","header-above-stick-meta":"","header-main-stick-meta":"","header-below-stick-meta":"","astra-migrate-meta-layouts":"","ast-page-background-enabled":"default","ast-page-background-meta":{"desktop":{"background-color":"var(--ast-global-color-4)","background-image":"","background-repeat":"repeat","background-position":"center center","background-size":"auto","background-attachment":"scroll","background-type":"","background-media":"","overlay-type":"","overlay-color":"","overlay-gradient":""},"tablet":{"background-color":"","background-image":"","background-repeat":"repeat","background-position":"center center","background-size":"auto","background-attachment":"scroll","background-type":"","background-media":"","overlay-type":"","overlay-color":"","overlay-gradient":""},"mobile":{"background-color":"","background-image":"","background-repeat":"repeat","background-position":"center center","background-size":"auto","background-attachment":"scroll","background-type":"","background-media":"","overlay-type":"","overlay-color":"","overlay-gradient":""}},"ast-content-background-meta":{"desktop":{"background-color":"var(--ast-global-color-5)","background-image":"","background-repeat":"repeat","background-position":"center center","background-size":"auto","background-attachment":"scroll","background-type":"","background-media":"","overlay-type":"","overlay-color":"","overlay-gradient":""},"tablet":{"background-color":"var(--ast-global-color-5)","background-image":"","background-repeat":"repeat","background-position":"center center","background-size":"auto","background-attachment":"scroll","background-type":"","background-media":"","overlay-type":"","overlay-color":"","overlay-gradient":""},"mobile":{"background-color":"var(--ast-global-color-5)","background-image":"","background-repeat":"repeat","background-position":"center center","background-size":"auto","background-attachment":"scroll","background-type":"","background-media":"","overlay-type":"","overlay-color":"","overlay-gradient":""}},"footnotes":""},"class_list":["post-880","page","type-page","status-publish","hentry"],"_links":{"self":[{"href":"https:\/\/porcomputador.net\/index.php\/wp-json\/wp\/v2\/pages\/880","targetHints":{"allow":["GET"]}}],"collection":[{"href":"https:\/\/porcomputador.net\/index.php\/wp-json\/wp\/v2\/pages"}],"about":[{"href":"https:\/\/porcomputador.net\/index.php\/wp-json\/wp\/v2\/types\/page"}],"author":[{"embeddable":true,"href":"https:\/\/porcomputador.net\/index.php\/wp-json\/wp\/v2\/users\/1"}],"replies":[{"embeddable":true,"href":"https:\/\/porcomputador.net\/index.php\/wp-json\/wp\/v2\/comments?post=880"}],"version-history":[{"count":35,"href":"https:\/\/porcomputador.net\/index.php\/wp-json\/wp\/v2\/pages\/880\/revisions"}],"predecessor-version":[{"id":1291,"href":"https:\/\/porcomputador.net\/index.php\/wp-json\/wp\/v2\/pages\/880\/revisions\/1291"}],"up":[{"embeddable":true,"href":"https:\/\/porcomputador.net\/index.php\/wp-json\/wp\/v2\/pages\/48"}],"wp:attachment":[{"href":"https:\/\/porcomputador.net\/index.php\/wp-json\/wp\/v2\/media?parent=880"}],"curies":[{"name":"wp","href":"https:\/\/api.w.org\/{rel}","templated":true}]}}