{"id":48,"date":"2023-06-16T16:09:04","date_gmt":"2023-06-16T21:09:04","guid":{"rendered":"https:\/\/porcomputador.net\/?page_id=48"},"modified":"2023-11-01T14:30:16","modified_gmt":"2023-11-01T19:30:16","slug":"servicios","status":"publish","type":"page","link":"https:\/\/porcomputador.net\/index.php\/servicios\/","title":{"rendered":"Servicios"},"content":{"rendered":"\t\t<div data-elementor-type=\"wp-page\" data-elementor-id=\"48\" class=\"elementor elementor-48\" data-elementor-settings=\"{&quot;ha_cmc_init_switcher&quot;:&quot;no&quot;}\">\n\t\t\t\t<div class=\"elementor-element elementor-element-d0a9336 e-flex e-con-boxed wpr-particle-no wpr-jarallax-no wpr-parallax-no wpr-sticky-section-no wpr-equal-height-no e-con e-parent\" data-id=\"d0a9336\" data-element_type=\"container\" data-e-type=\"container\" data-settings=\"{&quot;background_background&quot;:&quot;classic&quot;,&quot;shape_divider_bottom&quot;:&quot;abstract-web&quot;,&quot;_ha_eqh_enable&quot;:false}\">\n\t\t\t\t\t<div class=\"e-con-inner\">\n\t\t\t\t<div class=\"elementor-shape elementor-shape-bottom\" aria-hidden=\"true\" data-negative=\"false\">\n\t\t\t<svg xmlns=\"http:\/\/www.w3.org\/2000\/svg\" viewBox=\"0 0 4185 400\" preserveAspectRatio=\"none\">\n<path class=\"elementor-shape-fill ha-shape-divider\" opacity=\"0.2\" d=\"M435.6,210.9c71.5,82.4,274,177.3,402,23.3c90.1-108.4,182,36,330-10c262.3-81.5,270,96,394,98\n\tc80,1.3,124.4-55.2,141.9-91.1c14.8-30.3,45.9-74.2,92.3-74.2c75,0,107.3,53.8,178.8,69.8c71.5,16,168.3-22.1,241.3,2.2\n\tc73,24.3,113.2,59,140.8,102.1s59.6,55.2,101.3,46.4c41.7-8.8,66.3-52.4,71.5-73.4c3.9-15.8,10.7-52.7,34.8-69\n\tc85.8-57.9,155.3-8.7,359.3,75.3c204,84,190,0,278-88c57.3-57.3,147-111.7,221.9-51.9c33.8,27,46.8,69.5,80.6,97.7\n\tc32.9,27.5,74.7,44.7,117.7,46.4c14.6,0.6,29.6-0.6,42.9-6.6c26.8-12.1,30.7-34.9,24-61c-3.5-13.6-7.6-28-3.6-41.5\n\tc16.3-54.4,116.7,8.5,141.5,23.5c47,28.4,99.3,68.2,156.9,67.4c62-0.9,115.2-95.8,180.7-114.3c12.1-3.4,20.6-14.3,20.6-26.9V0\n\tL1270.5,0L0,0l0,132.1c0,14.1,7.6,27.2,20.1,33.8C134.4,226.5,285.9,38.3,435.6,210.9z M3011.4,197.5c38.4-15.6,72-43.5,113.2-51.7\n\tc6.1-1.2,13.3-1.7,17.6,2.8c2.7,2.7,3.3,6.6,2.6,10.3c-0.6,3.4-2.4,6.8-4.8,9.3c-5,5.2-12,8-18.1,11.9\n\tc-16.5,10.7-25.4,29.5-35.6,46.3c-16.6,27.2-48,49.3-78.9,27.9C2970.8,229,2977.5,211.3,3011.4,197.5z M2363.7,198.7\n\tc1.3-14.8,16.5-25,31.2-27c20.4-2.8,41.2,5.8,56.4,19.7s25.3,32.5,32.6,51.7c3.8,10.2,7,21.1,5.2,31.8c-0.2,1.4-0.5,2.7-0.9,3.9\n\tc-7.4,26.6-40.5,19.8-58.7,7.6c-21.4-14.4-36.7-36.4-52.3-56.5C2370.2,220.6,2362.7,210.3,2363.7,198.7z M478.2,117.2\n\tc50.9-7.6,113.9,49.4,130.3,65.2c3.9,3.8,6.8,8.6,7.9,14c7.7,35.5-65.2,41.3-110.4-10C481,158,419.3,126,478.2,117.2z\"\/>\n<path class=\"elementor-shape-fill ha-shape-divider\" d=\"M2763.7,63c24.5,0.3,76.6,20.9,80.7,45.1c4.3,25.2-28.4,39-48.3,41.5c-31.3,4-75.5-9.8-87.7-42\n\tC2694.3,70.4,2736.1,62.7,2763.7,63z M1470.9,89.4c13.5-2.4,27.2,7.8,36.8,16c0,0,30,33,54.6,6.1c19.3-21.1,44.6-16.1,51.2,3\n\tc5.3,15.3-7.9,24.5-19.7,30.2c-5.5,2.7-11.1,5.4-16.6,8c-11.5,5.4-23.1,10.4-35.3,14.2c-13.9,4.4-28.5,7.3-43.1,7.5\n\tc-8.9,0.1-18.4-1.7-26.3-6.3c-9.6-5.6-15.7-14.6-18.6-25C1449.1,126.9,1448.4,93.5,1470.9,89.4z M0,32.3c0,4.8,0.9,9.6,2.7,14.1\n\tc50.1,127.6,97.6,18.3,207,43.8c120,28,195.5-171,471.5,67c79.3,68.4,96.5-51.8,158.5-81c116.1-54.8,138,72,248,113.8\n\tc115.5,43.9,234-84.5,308.3-35.1c13.4,8.9,21.5,22.8,34.9,32c16.7,11.5,35.8,19.5,56,22.3c55.7,7.8,114.5-11.7,209-65.4\n\tc94.5-53.7,163.8-31.9,198.5-12.4c34.7,19.5,87.2,46.7,144.9,46.7c57.8,0,69.3-56,69.3-56s10.5-83.2,62-91.8\n\tc51.5-8.6,92.4,33.4,125,64.6c39.8,38,89.8,15.9,136.5,11.9c58.7-5,116.2,19.1,167.9,44.1c63.5,30.7,129.7,65.9,200,60.1\n\tc65.2-5.4,121.6-45.1,175.8-81.7c58.8-39.7,120.2-73,193.2-70c165,6.9,285,83.1,387,93c102,9.9,129-193,204-93\n\tc73.9,98.4,139.1,210.5,412.2,36.2c8-5.1,12.8-14,12.8-23.5V0L0,0L0,32.3z\"\/>\n<\/svg>\n\t\t<\/div>\n\t\t\t\t<div class=\"elementor-element elementor-element-2077e3d4 elementor-widget elementor-widget-heading\" data-id=\"2077e3d4\" data-element_type=\"widget\" data-e-type=\"widget\" data-widget_type=\"heading.default\">\n\t\t\t\t<div class=\"elementor-widget-container\">\n\t\t\t\t\t<h2 class=\"elementor-heading-title elementor-size-default\">Nuestros servicios<\/h2>\t\t\t\t<\/div>\n\t\t\t\t<\/div>\n\t\t\t\t<div class=\"elementor-element elementor-element-7afccccf elementor-widget elementor-widget-text-editor\" data-id=\"7afccccf\" data-element_type=\"widget\" data-e-type=\"widget\" data-widget_type=\"text-editor.default\">\n\t\t\t\t<div class=\"elementor-widget-container\">\n\t\t\t\t\t\t\t\t\t<p>Ofrecemos una variedad de servicios \u00fatiles para nuestros clientes. Si necesitas enviar correos confiables y seguros, podemos ayudarte con nuestro servicio de correos. Adem\u00e1s, si est\u00e1s interesado en la educaci\u00f3n en l\u00ednea o la formaci\u00f3n digital, nuestro servicio de Moodle puede ser perfecto para ti.<\/p>\t\t\t\t\t\t\t\t<\/div>\n\t\t\t\t<\/div>\n\t\t<div class=\"elementor-element elementor-element-1fd4f9b8 e-flex e-con-boxed wpr-particle-no wpr-jarallax-no wpr-parallax-no wpr-sticky-section-no wpr-equal-height-no e-con e-child\" data-id=\"1fd4f9b8\" data-element_type=\"container\" data-e-type=\"container\" data-settings=\"{&quot;_ha_eqh_enable&quot;:false}\">\n\t\t\t\t\t<div class=\"e-con-inner\">\n\t\t\t\t<div class=\"elementor-element elementor-element-637aeb4d elementor-align-center elementor-widget elementor-widget-button\" data-id=\"637aeb4d\" data-element_type=\"widget\" data-e-type=\"widget\" data-widget_type=\"button.default\">\n\t\t\t\t<div class=\"elementor-widget-container\">\n\t\t\t\t\t\t\t\t\t<div class=\"elementor-button-wrapper\">\n\t\t\t\t\t<a class=\"elementor-button elementor-button-link elementor-size-sm\" href=\"#\">\n\t\t\t\t\t\t<span class=\"elementor-button-content-wrapper\">\n\t\t\t\t\t\t\t\t\t<span class=\"elementor-button-text\">Proyectos mas recientes<\/span>\n\t\t\t\t\t<\/span>\n\t\t\t\t\t<\/a>\n\t\t\t\t<\/div>\n\t\t\t\t\t\t\t\t<\/div>\n\t\t\t\t<\/div>\n\t\t\t\t\t<\/div>\n\t\t\t\t<\/div>\n\t\t\t\t\t<\/div>\n\t\t\t\t<\/div>\n\t\t<div class=\"elementor-element elementor-element-b4c7030 e-flex e-con-boxed wpr-particle-no wpr-jarallax-no wpr-parallax-no wpr-sticky-section-no wpr-equal-height-no e-con e-parent\" data-id=\"b4c7030\" data-element_type=\"container\" data-e-type=\"container\" data-settings=\"{&quot;_ha_eqh_enable&quot;:false}\">\n\t\t\t\t\t<div class=\"e-con-inner\">\n\t\t<div class=\"elementor-element elementor-element-629761b e-con-full e-flex wpr-particle-no wpr-jarallax-no wpr-parallax-no wpr-sticky-section-no wpr-equal-height-no e-con e-child\" data-id=\"629761b\" data-element_type=\"container\" data-e-type=\"container\" data-settings=\"{&quot;_ha_eqh_enable&quot;:false}\">\n\t\t\t\t<div class=\"elementor-element elementor-element-b2e3635 elementor-widget elementor-widget-heading\" data-id=\"b2e3635\" data-element_type=\"widget\" data-e-type=\"widget\" data-widget_type=\"heading.default\">\n\t\t\t\t<div class=\"elementor-widget-container\">\n\t\t\t\t\t<h2 class=\"elementor-heading-title elementor-size-default\">Otros Servicios <\/h2>\t\t\t\t<\/div>\n\t\t\t\t<\/div>\n\t\t<div class=\"elementor-element elementor-element-522cda2 e-con-full e-flex wpr-particle-no wpr-jarallax-no wpr-parallax-no wpr-sticky-section-no wpr-equal-height-no e-con e-child\" data-id=\"522cda2\" data-element_type=\"container\" data-e-type=\"container\" data-settings=\"{&quot;_ha_eqh_enable&quot;:false}\">\n\t\t<div class=\"elementor-element elementor-element-8e0ac45 e-con-full e-flex wpr-particle-no wpr-jarallax-no wpr-parallax-no wpr-sticky-section-no wpr-equal-height-no e-con e-child\" data-id=\"8e0ac45\" data-element_type=\"container\" data-e-type=\"container\" data-settings=\"{&quot;_ha_eqh_enable&quot;:false}\">\n\t\t\t\t<div class=\"elementor-element elementor-element-52c87ae wpr-flip-box-back-align-left wpr-flip-box-animation-flip wpr-flip-box-animation-3d-yes wpr-flip-box-anim-direction-right wpr-flip-box-front-align-center elementor-widget elementor-widget-wpr-flip-box\" data-id=\"52c87ae\" data-element_type=\"widget\" data-e-type=\"widget\" data-widget_type=\"wpr-flip-box.default\">\n\t\t\t\t<div class=\"elementor-widget-container\">\n\t\t\t\t\t\t\t\t\n\t\t<div class=\"wpr-flip-box\" data-trigger=\"hover\">\n\t\t\t\n\t\t\t<div class=\"wpr-flip-box-item wpr-flip-box-front wpr-anim-timing-ease-default\">\n\n\t\t\t\t<div class=\"wpr-flip-box-overlay\"><\/div>\n\n\t\t\t\t<div class=\"wpr-flip-box-content\">\n\t\t\t\t\t\n\t\t\t\t\t\t\t\t\t\t<div class=\"wpr-flip-box-image\">\n\t\t\t\t\t\t<img decoding=\"async\" alt=\"\" src=\"https:\/\/porcomputador.net\/wp-content\/uploads\/2023\/10\/icon-3.png\" >\n\t\t\t\t\t<\/div>\n\t\t\t\t\t\t\t\t\t\t\n\t\t\t\t\t\t\t\t\t\t\t<h3 class=\"wpr-flip-box-title\">Apoyo y Soporte<\/h3>\n\t\t\t\t\t\n\t\t\t\t\t\t\t\t\t\t\t<div class=\"wpr-flip-box-description\"><p>Realizamos acompa\u00f1amientos para su empresa. Le ofrecemos acompa\u00f1amientos y soporte LMS en cualquier plataforma.<\/p><\/div>\t\t\t\t\t\t\n\t\t\t\t\t\t\n\n\t\t\t\t\t\t\n\n\t\t\t\t<\/div>\n\t\t\t<\/div>\n\n\t\t\t<div class=\"wpr-flip-box-item wpr-flip-box-back wpr-anim-timing-ease-default\">\n\n\t\t\t\t<div class=\"wpr-flip-box-overlay\"><\/div>\n\t\t\t\t\n\t\t\t\t<div class=\"wpr-flip-box-content\">\n\t\t\t\t\t\n\t\t\t\t\t\t\t\t\t\t<a class=\"wpr-flip-box-link\" href=\"https:\/\/porcomputador.net\/index.php\/servicios\/soporte\/\"><\/a>\t\n\t\t\t\t\t\n\t\t\t\t\t\t\t\t\t\t\n\t\t\t\t\t\t\t\t\t\t\t<h3 class=\"wpr-flip-box-title\">\n\t\t\t\t\t\t\tBrindamos \t\t\t\t\t\t<\/h3>\n\t\t\t\t\t\n\t\t\t\t\t\t\t\t\t\t\t<div class=\"wpr-flip-box-description\"><ul><li>Acompa\u00f1amiento<\/li><li>Niveles de electricidad<\/li><li>Canales de servicio y soporte<\/li><\/ul><\/div>\t\t\t\t\t\t\n\t\t\t\t\t\t\n\n\t\t\t\t\t\t\n\n\t\t\t\t<\/div>\n\t\t\t<\/div>\n\t\t<\/div>\n\n\t\t\t\t\t\t<\/div>\n\t\t\t\t<\/div>\n\t\t\t\t<\/div>\n\t\t<div class=\"elementor-element elementor-element-3e06c6f e-con-full e-flex wpr-particle-no wpr-jarallax-no wpr-parallax-no wpr-sticky-section-no wpr-equal-height-no e-con e-child\" data-id=\"3e06c6f\" data-element_type=\"container\" data-e-type=\"container\" data-settings=\"{&quot;_ha_eqh_enable&quot;:false}\">\n\t\t\t\t<div class=\"elementor-element elementor-element-da70dbf wpr-flip-box-animation-flip wpr-flip-box-animation-3d-yes wpr-flip-box-anim-direction-right wpr-flip-box-front-align-center wpr-flip-box-back-align-center elementor-widget elementor-widget-wpr-flip-box\" data-id=\"da70dbf\" data-element_type=\"widget\" data-e-type=\"widget\" data-widget_type=\"wpr-flip-box.default\">\n\t\t\t\t<div class=\"elementor-widget-container\">\n\t\t\t\t\t\t\t\t\n\t\t<div class=\"wpr-flip-box\" data-trigger=\"hover\">\n\t\t\t\n\t\t\t<div class=\"wpr-flip-box-item wpr-flip-box-front wpr-anim-timing-ease-default\">\n\n\t\t\t\t<div class=\"wpr-flip-box-overlay\"><\/div>\n\n\t\t\t\t<div class=\"wpr-flip-box-content\">\n\t\t\t\t\t\n\t\t\t\t\t\t\t\t\t\t<div class=\"wpr-flip-box-image\">\n\t\t\t\t\t\t<img decoding=\"async\" alt=\"\" src=\"https:\/\/porcomputador.net\/wp-content\/uploads\/2023\/10\/icon-1.png\" >\n\t\t\t\t\t<\/div>\n\t\t\t\t\t\t\t\t\t\t\n\t\t\t\t\t\t\t\t\t\t\t<h3 class=\"wpr-flip-box-title\">Desarrollo de Software<\/h3>\n\t\t\t\t\t\n\t\t\t\t\t\t\t\t\t\t\t<div class=\"wpr-flip-box-description\"><p>Nuestro equipo de expertos permite a cualquier empresa desarrollar software multiplataforma confiable, seguro, r\u00e1pido y personalizado.<\/p><\/div>\t\t\t\t\t\t\n\t\t\t\t\t\t\n\n\t\t\t\t\t\t\n\n\t\t\t\t<\/div>\n\t\t\t<\/div>\n\n\t\t\t<div class=\"wpr-flip-box-item wpr-flip-box-back wpr-anim-timing-ease-default\">\n\n\t\t\t\t<div class=\"wpr-flip-box-overlay\"><\/div>\n\t\t\t\t\n\t\t\t\t<div class=\"wpr-flip-box-content\">\n\t\t\t\t\t\n\t\t\t\t\t\t\t\t\t\t<a class=\"wpr-flip-box-link\" href=\"https:\/\/porcomputador.net\/index.php\/servicios\/desarrollo-de-software\/\"><\/a>\t\n\t\t\t\t\t\n\t\t\t\t\t\t\t\t\t\t\n\t\t\t\t\t\t\t\t\t\t\t<h3 class=\"wpr-flip-box-title\">\n\t\t\t\t\t\t\tDesarrollo \t\t\t\t\t\t<\/h3>\n\t\t\t\t\t\n\t\t\t\t\t\t\t\t\t\t\t<div class=\"wpr-flip-box-description\"><p>Mantener el desarrollo continuo de software para proyectos y negocios es esencial y requiere horas de precisi\u00f3n, integridad y optimizaci\u00f3n\u00a0\u00a0<\/p><\/div>\t\t\t\t\t\t\n\t\t\t\t\t\t\n\n\t\t\t\t\t\t\n\n\t\t\t\t<\/div>\n\t\t\t<\/div>\n\t\t<\/div>\n\n\t\t\t\t\t\t<\/div>\n\t\t\t\t<\/div>\n\t\t\t\t<\/div>\n\t\t<div class=\"elementor-element elementor-element-563e7e4 e-con-full e-flex wpr-particle-no wpr-jarallax-no wpr-parallax-no wpr-sticky-section-no wpr-equal-height-no e-con e-child\" data-id=\"563e7e4\" data-element_type=\"container\" data-e-type=\"container\" data-settings=\"{&quot;_ha_eqh_enable&quot;:false}\">\n\t\t\t\t<div class=\"elementor-element elementor-element-c029c49 wpr-flip-box-back-align-left wpr-flip-box-animation-flip wpr-flip-box-animation-3d-yes wpr-flip-box-anim-direction-right elementor-widget elementor-widget-wpr-flip-box\" data-id=\"c029c49\" data-element_type=\"widget\" data-e-type=\"widget\" data-widget_type=\"wpr-flip-box.default\">\n\t\t\t\t<div class=\"elementor-widget-container\">\n\t\t\t\t\t\t\t\t\n\t\t<div class=\"wpr-flip-box\" data-trigger=\"hover\">\n\t\t\t\n\t\t\t<div class=\"wpr-flip-box-item wpr-flip-box-front wpr-anim-timing-ease-default\">\n\n\t\t\t\t<div class=\"wpr-flip-box-overlay\"><\/div>\n\n\t\t\t\t<div class=\"wpr-flip-box-content\">\n\t\t\t\t\t\n\t\t\t\t\t\t\t\t\t\t<div class=\"wpr-flip-box-image\">\n\t\t\t\t\t\t<img decoding=\"async\" alt=\"\" src=\"https:\/\/porcomputador.net\/wp-content\/uploads\/2023\/10\/icon-2.png\" >\n\t\t\t\t\t<\/div>\n\t\t\t\t\t\t\t\t\t\t\n\t\t\t\t\t\t\t\t\t\t\t<h3 class=\"wpr-flip-box-title\">Aplicaci\u00f3n <\/h3>\n\t\t\t\t\t\n\t\t\t\t\t\t\t\t\t\t\t<div class=\"wpr-flip-box-description\"><p>Realizamos la personificaci\u00f3n de su empresa en la aplicaci\u00f3n LMS. Ofrecemos apoyo especializado en dise\u00f1o y estructura de la aplicaci\u00f3n.<\/p><\/div>\t\t\t\t\t\t\n\t\t\t\t\t\t\n\n\t\t\t\t\t\t\n\n\t\t\t\t<\/div>\n\t\t\t<\/div>\n\n\t\t\t<div class=\"wpr-flip-box-item wpr-flip-box-back wpr-anim-timing-ease-default\">\n\n\t\t\t\t<div class=\"wpr-flip-box-overlay\"><\/div>\n\t\t\t\t\n\t\t\t\t<div class=\"wpr-flip-box-content\">\n\t\t\t\t\t\n\t\t\t\t\t\t\t\t\t\t<a class=\"wpr-flip-box-link\" href=\"https:\/\/porcomputador.net\/index.php\/servicios\/capacitacion\/\"><\/a>\t\n\t\t\t\t\t\n\t\t\t\t\t\t\t\t\t\t\n\t\t\t\t\t\t\t\t\t\t\t<h3 class=\"wpr-flip-box-title\">\n\t\t\t\t\t\t\tAplicaci\u00f3n\t\t\t\t\t\t<\/h3>\n\t\t\t\t\t\n\t\t\t\t\t\t\t\t\t\t\t<div class=\"wpr-flip-box-description\"><ul><li>Dise\u00f1o\u00a0<\/li><li>Soporte especializado<\/li><li>Gesti\u00f3n de Usuario<\/li><li>Generaci\u00f3n de informes\u00a0<\/li><li>Canales de respuesta<\/li><\/ul><\/div>\t\t\t\t\t\t\n\t\t\t\t\t\t\n\n\t\t\t\t\t\t\n\n\t\t\t\t<\/div>\n\t\t\t<\/div>\n\t\t<\/div>\n\n\t\t\t\t\t\t<\/div>\n\t\t\t\t<\/div>\n\t\t\t\t<\/div>\n\t\t<div class=\"elementor-element elementor-element-2080148 e-con-full e-flex wpr-particle-no wpr-jarallax-no wpr-parallax-no wpr-sticky-section-no wpr-equal-height-no e-con e-child\" data-id=\"2080148\" data-element_type=\"container\" data-e-type=\"container\" data-settings=\"{&quot;_ha_eqh_enable&quot;:false}\">\n\t\t\t\t<div class=\"elementor-element elementor-element-a7e6148 wpr-flip-box-back-align-left wpr-flip-box-animation-flip wpr-flip-box-animation-3d-yes wpr-flip-box-anim-direction-right wpr-flip-box-front-align-center elementor-widget elementor-widget-wpr-flip-box\" data-id=\"a7e6148\" data-element_type=\"widget\" data-e-type=\"widget\" data-widget_type=\"wpr-flip-box.default\">\n\t\t\t\t<div class=\"elementor-widget-container\">\n\t\t\t\t\t\t\t\t\n\t\t<div class=\"wpr-flip-box\" data-trigger=\"hover\">\n\t\t\t\n\t\t\t<div class=\"wpr-flip-box-item wpr-flip-box-front wpr-anim-timing-ease-default\">\n\n\t\t\t\t<div class=\"wpr-flip-box-overlay\"><\/div>\n\n\t\t\t\t<div class=\"wpr-flip-box-content\">\n\t\t\t\t\t\n\t\t\t\t\t\t\t\t\t\t<div class=\"wpr-flip-box-image\">\n\t\t\t\t\t\t<img decoding=\"async\" alt=\"\" src=\"https:\/\/porcomputador.net\/wp-content\/uploads\/2023\/10\/icon-4.png\" >\n\t\t\t\t\t<\/div>\n\t\t\t\t\t\t\t\t\t\t\n\t\t\t\t\t\t\t\t\t\t\t<h3 class=\"wpr-flip-box-title\">Creaci\u00f3n de cursos <\/h3>\n\t\t\t\t\t\n\t\t\t\t\t\t\t\t\t\t\t<div class=\"wpr-flip-box-description\"><p>Realizamos capacitaciones del uso de la plataforma LMS, brind\u00e1ndole soporte y atenci\u00f3n administrativa.<\/p><\/div>\t\t\t\t\t\t\n\t\t\t\t\t\t\n\n\t\t\t\t\t\t\n\n\t\t\t\t<\/div>\n\t\t\t<\/div>\n\n\t\t\t<div class=\"wpr-flip-box-item wpr-flip-box-back wpr-anim-timing-ease-default\">\n\n\t\t\t\t<div class=\"wpr-flip-box-overlay\"><\/div>\n\t\t\t\t\n\t\t\t\t<div class=\"wpr-flip-box-content\">\n\t\t\t\t\t\n\t\t\t\t\t\t\t\t\t\t<a class=\"wpr-flip-box-link\" href=\"#\"><\/a>\t\n\t\t\t\t\t\n\t\t\t\t\t\t\t\t\t\t\n\t\t\t\t\t\t\t\t\t\t\t<h3 class=\"wpr-flip-box-title\">\n\t\t\t\t\t\t\tCreaci\u00f3n de cursos \t\t\t\t\t\t<\/h3>\n\t\t\t\t\t\n\t\t\t\t\t\t\t\t\t\t\t<div class=\"wpr-flip-box-description\"><ul><li>Analizamos\u00a0<\/li><li>Dise\u00f1amos<\/li><li>Interactuamos\u00a0<\/li><li>Personalizamos\u00a0<\/li><li>Retroalimentamos\u00a0<\/li><\/ul><\/div>\t\t\t\t\t\t\n\t\t\t\t\t\t\n\n\t\t\t\t\t\t\n\n\t\t\t\t<\/div>\n\t\t\t<\/div>\n\t\t<\/div>\n\n\t\t\t\t\t\t<\/div>\n\t\t\t\t<\/div>\n\t\t\t\t<\/div>\n\t\t\t\t<\/div>\n\t\t\t\t<\/div>\n\t\t\t\t\t<\/div>\n\t\t\t\t<\/div>\n\t\t\t\t<\/div>\n\t\t","protected":false},"excerpt":{"rendered":"<p>Nuestros servicios Ofrecemos una variedad de servicios \u00fatiles para nuestros clientes. Si necesitas enviar correos confiables y seguros, podemos ayudarte con nuestro servicio de correos. Adem\u00e1s, si est\u00e1s interesado en la educaci\u00f3n en l\u00ednea o la formaci\u00f3n digital, nuestro servicio de Moodle puede ser perfecto para ti. Proyectos mas recientes Otros Servicios Apoyo y Soporte Realizamos acompa\u00f1amientos para su empresa. Le ofrecemos acompa\u00f1amientos y soporte LMS en cualquier plataforma. Brindamos Acompa\u00f1amiento Niveles de electricidad Canales de servicio y soporte Desarrollo de Software Nuestro equipo de expertos permite a cualquier empresa desarrollar software multiplataforma confiable, seguro, r\u00e1pido y personalizado. Desarrollo Mantener el desarrollo continuo de software para proyectos y negocios es esencial y requiere horas de precisi\u00f3n, integridad y optimizaci\u00f3n\u00a0\u00a0 Aplicaci\u00f3n Realizamos la personificaci\u00f3n de su empresa en la aplicaci\u00f3n LMS. Ofrecemos apoyo especializado en dise\u00f1o y estructura de la aplicaci\u00f3n. Aplicaci\u00f3n Dise\u00f1o\u00a0 Soporte especializado Gesti\u00f3n de Usuario Generaci\u00f3n de informes\u00a0 Canales de respuesta Creaci\u00f3n de cursos Realizamos capacitaciones del uso de la plataforma LMS, brind\u00e1ndole soporte y atenci\u00f3n administrativa. Creaci\u00f3n de cursos Analizamos\u00a0 Dise\u00f1amos Interactuamos\u00a0 Personalizamos\u00a0 Retroalimentamos\u00a0<\/p>\n","protected":false},"author":1,"featured_media":0,"parent":0,"menu_order":0,"comment_status":"closed","ping_status":"closed","template":"","meta":{"site-sidebar-layout":"no-sidebar","site-content-layout":"page-builder","ast-site-content-layout":"","site-content-style":"default","site-sidebar-style":"default","ast-global-header-display":"","ast-banner-title-visibility":"","ast-main-header-display":"","ast-hfb-above-header-display":"","ast-hfb-below-header-display":"","ast-hfb-mobile-header-display":"","site-post-title":"disabled","ast-breadcrumbs-content":"","ast-featured-img":"disabled","footer-sml-layout":"","theme-transparent-header-meta":"","adv-header-id-meta":"","stick-header-meta":"","header-above-stick-meta":"","header-main-stick-meta":"","header-below-stick-meta":"","astra-migrate-meta-layouts":"","ast-page-background-enabled":"default","ast-page-background-meta":{"desktop":{"background-color":"var(--ast-global-color-4)","background-image":"","background-repeat":"repeat","background-position":"center center","background-size":"auto","background-attachment":"scroll","background-type":"","background-media":"","overlay-type":"","overlay-color":"","overlay-gradient":""},"tablet":{"background-color":"","background-image":"","background-repeat":"repeat","background-position":"center center","background-size":"auto","background-attachment":"scroll","background-type":"","background-media":"","overlay-type":"","overlay-color":"","overlay-gradient":""},"mobile":{"background-color":"","background-image":"","background-repeat":"repeat","background-position":"center center","background-size":"auto","background-attachment":"scroll","background-type":"","background-media":"","overlay-type":"","overlay-color":"","overlay-gradient":""}},"ast-content-background-meta":{"desktop":{"background-color":"var(--ast-global-color-5)","background-image":"","background-repeat":"repeat","background-position":"center center","background-size":"auto","background-attachment":"scroll","background-type":"","background-media":"","overlay-type":"","overlay-color":"","overlay-gradient":""},"tablet":{"background-color":"var(--ast-global-color-5)","background-image":"","background-repeat":"repeat","background-position":"center center","background-size":"auto","background-attachment":"scroll","background-type":"","background-media":"","overlay-type":"","overlay-color":"","overlay-gradient":""},"mobile":{"background-color":"var(--ast-global-color-5)","background-image":"","background-repeat":"repeat","background-position":"center center","background-size":"auto","background-attachment":"scroll","background-type":"","background-media":"","overlay-type":"","overlay-color":"","overlay-gradient":""}},"footnotes":""},"class_list":["post-48","page","type-page","status-publish","hentry"],"_links":{"self":[{"href":"https:\/\/porcomputador.net\/index.php\/wp-json\/wp\/v2\/pages\/48","targetHints":{"allow":["GET"]}}],"collection":[{"href":"https:\/\/porcomputador.net\/index.php\/wp-json\/wp\/v2\/pages"}],"about":[{"href":"https:\/\/porcomputador.net\/index.php\/wp-json\/wp\/v2\/types\/page"}],"author":[{"embeddable":true,"href":"https:\/\/porcomputador.net\/index.php\/wp-json\/wp\/v2\/users\/1"}],"replies":[{"embeddable":true,"href":"https:\/\/porcomputador.net\/index.php\/wp-json\/wp\/v2\/comments?post=48"}],"version-history":[{"count":58,"href":"https:\/\/porcomputador.net\/index.php\/wp-json\/wp\/v2\/pages\/48\/revisions"}],"predecessor-version":[{"id":1290,"href":"https:\/\/porcomputador.net\/index.php\/wp-json\/wp\/v2\/pages\/48\/revisions\/1290"}],"wp:attachment":[{"href":"https:\/\/porcomputador.net\/index.php\/wp-json\/wp\/v2\/media?parent=48"}],"curies":[{"name":"wp","href":"https:\/\/api.w.org\/{rel}","templated":true}]}}